{"id":2078,"date":"2021-05-18T18:10:49","date_gmt":"2021-05-18T21:10:49","guid":{"rendered":"https:\/\/bostoneduca.cl\/hitos\/milibroyyo\/?page_id=2078"},"modified":"2021-05-18T18:10:50","modified_gmt":"2021-05-18T21:10:50","slug":"videos","status":"publish","type":"page","link":"https:\/\/bostoneduca.cl\/hitos\/milibroyyo\/videos\/","title":{"rendered":"Videos"},"content":{"rendered":"<!-- VideographyWP Plugin Message: Automatic video embedding prevented by plugin options. -->\n<div class=\"pt-cv-wrapper\"><div class=\"pt-cv-view pt-cv-grid pt-cv-colsys\" id=\"pt-cv-view-e7e3f5bxht\"><div data-id=\"pt-cv-page-1\" class=\"pt-cv-page\" data-cvc=\"3\"><div class=\"col-md-4 col-sm-6 col-xs-12 pt-cv-content-item pt-cv-1-col\" ><div class='pt-cv-ifield'><a href=\"https:\/\/bostoneduca.cl\/hitos\/milibroyyo\/videos\/cse-julian-ramirez\/\" class=\"_self pt-cv-href-thumbnail pt-cv-thumb-default\" target=\"_self\" ><img loading=\"lazy\" decoding=\"async\" width=\"1280\" height=\"720\" src=\"https:\/\/bostoneduca.cl\/hitos\/milibroyyo\/wp-content\/uploads\/2021\/06\/CSE-Julin-Ramrez.jpg\" class=\"pt-cv-thumbnail\" alt=\"\" srcset=\"https:\/\/bostoneduca.cl\/hitos\/milibroyyo\/wp-content\/uploads\/2021\/06\/CSE-Julin-Ramrez.jpg 1280w, https:\/\/bostoneduca.cl\/hitos\/milibroyyo\/wp-content\/uploads\/2021\/06\/CSE-Julin-Ramrez-1000x563.jpg 1000w, https:\/\/bostoneduca.cl\/hitos\/milibroyyo\/wp-content\/uploads\/2021\/06\/CSE-Julin-Ramrez-600x338.jpg 600w, https:\/\/bostoneduca.cl\/hitos\/milibroyyo\/wp-content\/uploads\/2021\/06\/CSE-Julin-Ramrez-768x432.jpg 768w, https:\/\/bostoneduca.cl\/hitos\/milibroyyo\/wp-content\/uploads\/2021\/06\/CSE-Julin-Ramrez-400x225.jpg 400w\" sizes=\"(max-width: 1280px) 100vw, 1280px\" \/><\/a>\n<h4 class=\"pt-cv-title\"><a href=\"https:\/\/bostoneduca.cl\/hitos\/milibroyyo\/videos\/cse-julian-ramirez\/\" class=\"_self\" target=\"_self\" >CSE &#8211; Juli\u00e1n Ram\u00edrez<\/a><\/h4><\/div><\/div>\n<div class=\"col-md-4 col-sm-6 col-xs-12 pt-cv-content-item pt-cv-1-col\" ><div class='pt-cv-ifield'><a href=\"https:\/\/bostoneduca.cl\/hitos\/milibroyyo\/videos\/cse-javier-trinidad-adan-esteban-y-javiera-podcast-lenguaje\/\" class=\"_self pt-cv-href-thumbnail pt-cv-thumb-default\" target=\"_self\" ><img loading=\"lazy\" decoding=\"async\" width=\"1280\" height=\"720\" src=\"https:\/\/bostoneduca.cl\/hitos\/milibroyyo\/wp-content\/uploads\/2021\/06\/Podcast-Lenguaje.jpg\" class=\"pt-cv-thumbnail\" alt=\"\" srcset=\"https:\/\/bostoneduca.cl\/hitos\/milibroyyo\/wp-content\/uploads\/2021\/06\/Podcast-Lenguaje.jpg 1280w, https:\/\/bostoneduca.cl\/hitos\/milibroyyo\/wp-content\/uploads\/2021\/06\/Podcast-Lenguaje-1000x563.jpg 1000w, https:\/\/bostoneduca.cl\/hitos\/milibroyyo\/wp-content\/uploads\/2021\/06\/Podcast-Lenguaje-600x338.jpg 600w, https:\/\/bostoneduca.cl\/hitos\/milibroyyo\/wp-content\/uploads\/2021\/06\/Podcast-Lenguaje-768x432.jpg 768w, https:\/\/bostoneduca.cl\/hitos\/milibroyyo\/wp-content\/uploads\/2021\/06\/Podcast-Lenguaje-400x225.jpg 400w\" sizes=\"(max-width: 1280px) 100vw, 1280px\" \/><\/a>\n<h4 class=\"pt-cv-title\"><a href=\"https:\/\/bostoneduca.cl\/hitos\/milibroyyo\/videos\/cse-javier-trinidad-adan-esteban-y-javiera-podcast-lenguaje\/\" class=\"_self\" target=\"_self\" >CSE &#8211; Javier, Trinidad, Adan, Esteban y Javiera \u2013 Podcast Lenguaje<\/a><\/h4><\/div><\/div>\n<div class=\"col-md-4 col-sm-6 col-xs-12 pt-cv-content-item pt-cv-1-col\" ><div class='pt-cv-ifield'><a href=\"https:\/\/bostoneduca.cl\/hitos\/milibroyyo\/videos\/cse-familia-morales\/\" class=\"_self pt-cv-href-thumbnail pt-cv-thumb-default\" target=\"_self\" ><img loading=\"lazy\" decoding=\"async\" width=\"1280\" height=\"720\" src=\"https:\/\/bostoneduca.cl\/hitos\/milibroyyo\/wp-content\/uploads\/2021\/06\/CSE-Familia-Morales.jpg\" class=\"pt-cv-thumbnail\" alt=\"\" srcset=\"https:\/\/bostoneduca.cl\/hitos\/milibroyyo\/wp-content\/uploads\/2021\/06\/CSE-Familia-Morales.jpg 1280w, https:\/\/bostoneduca.cl\/hitos\/milibroyyo\/wp-content\/uploads\/2021\/06\/CSE-Familia-Morales-1000x563.jpg 1000w, https:\/\/bostoneduca.cl\/hitos\/milibroyyo\/wp-content\/uploads\/2021\/06\/CSE-Familia-Morales-600x338.jpg 600w, https:\/\/bostoneduca.cl\/hitos\/milibroyyo\/wp-content\/uploads\/2021\/06\/CSE-Familia-Morales-768x432.jpg 768w, https:\/\/bostoneduca.cl\/hitos\/milibroyyo\/wp-content\/uploads\/2021\/06\/CSE-Familia-Morales-400x225.jpg 400w\" sizes=\"(max-width: 1280px) 100vw, 1280px\" \/><\/a>\n<h4 class=\"pt-cv-title\"><a href=\"https:\/\/bostoneduca.cl\/hitos\/milibroyyo\/videos\/cse-familia-morales\/\" class=\"_self\" target=\"_self\" >CSE &#8211; Familia Morales<\/a><\/h4><\/div><\/div>\n<div class=\"col-md-4 col-sm-6 col-xs-12 pt-cv-content-item pt-cv-1-col\" ><div class='pt-cv-ifield'><a href=\"https:\/\/bostoneduca.cl\/hitos\/milibroyyo\/videos\/cse-diana-reyes\/\" class=\"_self pt-cv-href-thumbnail pt-cv-thumb-default\" target=\"_self\" ><img loading=\"lazy\" decoding=\"async\" width=\"480\" height=\"360\" src=\"https:\/\/bostoneduca.cl\/hitos\/milibroyyo\/wp-content\/uploads\/2021\/06\/CSE-Diana-Reyes.jpg\" class=\"pt-cv-thumbnail\" alt=\"\" srcset=\"https:\/\/bostoneduca.cl\/hitos\/milibroyyo\/wp-content\/uploads\/2021\/06\/CSE-Diana-Reyes.jpg 480w, https:\/\/bostoneduca.cl\/hitos\/milibroyyo\/wp-content\/uploads\/2021\/06\/CSE-Diana-Reyes-400x300.jpg 400w\" sizes=\"(max-width: 480px) 100vw, 480px\" \/><\/a>\n<h4 class=\"pt-cv-title\"><a href=\"https:\/\/bostoneduca.cl\/hitos\/milibroyyo\/videos\/cse-diana-reyes\/\" class=\"_self\" target=\"_self\" >CSE &#8211; Diana Reyes<\/a><\/h4><\/div><\/div>\n<div class=\"col-md-4 col-sm-6 col-xs-12 pt-cv-content-item pt-cv-1-col\" ><div class='pt-cv-ifield'><a href=\"https:\/\/bostoneduca.cl\/hitos\/milibroyyo\/videos\/cse-iiib-javiera-uriarte-noelia-pena-fernanda-vergara-podcast\/\" class=\"_self pt-cv-href-thumbnail pt-cv-thumb-default\" target=\"_self\" ><img loading=\"lazy\" decoding=\"async\" width=\"1280\" height=\"720\" src=\"https:\/\/bostoneduca.cl\/hitos\/milibroyyo\/wp-content\/uploads\/2021\/06\/CSE-IIIB-Javiera-Uriarte-Noelia-Pea-Fernanda-Vergara-Podcast.jpg\" class=\"pt-cv-thumbnail\" alt=\"\" srcset=\"https:\/\/bostoneduca.cl\/hitos\/milibroyyo\/wp-content\/uploads\/2021\/06\/CSE-IIIB-Javiera-Uriarte-Noelia-Pea-Fernanda-Vergara-Podcast.jpg 1280w, https:\/\/bostoneduca.cl\/hitos\/milibroyyo\/wp-content\/uploads\/2021\/06\/CSE-IIIB-Javiera-Uriarte-Noelia-Pea-Fernanda-Vergara-Podcast-1000x563.jpg 1000w, https:\/\/bostoneduca.cl\/hitos\/milibroyyo\/wp-content\/uploads\/2021\/06\/CSE-IIIB-Javiera-Uriarte-Noelia-Pea-Fernanda-Vergara-Podcast-600x338.jpg 600w, https:\/\/bostoneduca.cl\/hitos\/milibroyyo\/wp-content\/uploads\/2021\/06\/CSE-IIIB-Javiera-Uriarte-Noelia-Pea-Fernanda-Vergara-Podcast-768x432.jpg 768w, https:\/\/bostoneduca.cl\/hitos\/milibroyyo\/wp-content\/uploads\/2021\/06\/CSE-IIIB-Javiera-Uriarte-Noelia-Pea-Fernanda-Vergara-Podcast-400x225.jpg 400w\" sizes=\"(max-width: 1280px) 100vw, 1280px\" \/><\/a>\n<h4 class=\"pt-cv-title\"><a href=\"https:\/\/bostoneduca.cl\/hitos\/milibroyyo\/videos\/cse-iiib-javiera-uriarte-noelia-pena-fernanda-vergara-podcast\/\" class=\"_self\" target=\"_self\" >CSE &#8211; III\u00b0B &#8211; Javiera Uriarte &#8211; Noelia Pe\u00f1a &#8211; Fernanda Vergara &#8211; Podcast<\/a><\/h4><\/div><\/div>\n<div class=\"col-md-4 col-sm-6 col-xs-12 pt-cv-content-item pt-cv-1-col\" ><div class='pt-cv-ifield'><a href=\"https:\/\/bostoneduca.cl\/hitos\/milibroyyo\/videos\/cse-8b-renata-galleguillos-el-nino-con-el-pijama-a-rayas\/\" class=\"_self pt-cv-href-thumbnail pt-cv-thumb-default\" target=\"_self\" ><img loading=\"lazy\" decoding=\"async\" width=\"1280\" height=\"720\" src=\"https:\/\/bostoneduca.cl\/hitos\/milibroyyo\/wp-content\/uploads\/2021\/06\/CSE-8B-Renata-Galleguillos-El-Nio-con-el-Pijama-a-Rayas.jpg\" class=\"pt-cv-thumbnail\" alt=\"\" srcset=\"https:\/\/bostoneduca.cl\/hitos\/milibroyyo\/wp-content\/uploads\/2021\/06\/CSE-8B-Renata-Galleguillos-El-Nio-con-el-Pijama-a-Rayas.jpg 1280w, https:\/\/bostoneduca.cl\/hitos\/milibroyyo\/wp-content\/uploads\/2021\/06\/CSE-8B-Renata-Galleguillos-El-Nio-con-el-Pijama-a-Rayas-1000x563.jpg 1000w, https:\/\/bostoneduca.cl\/hitos\/milibroyyo\/wp-content\/uploads\/2021\/06\/CSE-8B-Renata-Galleguillos-El-Nio-con-el-Pijama-a-Rayas-600x338.jpg 600w, https:\/\/bostoneduca.cl\/hitos\/milibroyyo\/wp-content\/uploads\/2021\/06\/CSE-8B-Renata-Galleguillos-El-Nio-con-el-Pijama-a-Rayas-768x432.jpg 768w, https:\/\/bostoneduca.cl\/hitos\/milibroyyo\/wp-content\/uploads\/2021\/06\/CSE-8B-Renata-Galleguillos-El-Nio-con-el-Pijama-a-Rayas-400x225.jpg 400w\" sizes=\"(max-width: 1280px) 100vw, 1280px\" \/><\/a>\n<h4 class=\"pt-cv-title\"><a href=\"https:\/\/bostoneduca.cl\/hitos\/milibroyyo\/videos\/cse-8b-renata-galleguillos-el-nino-con-el-pijama-a-rayas\/\" class=\"_self\" target=\"_self\" >CSE &#8211; 8\u00b0B &#8211; Renata Galleguillos &#8211; El Ni\u00f1o con el Pijama a Rayas<\/a><\/h4><\/div><\/div>\n<div class=\"col-md-4 col-sm-6 col-xs-12 pt-cv-content-item pt-cv-1-col\" ><div class='pt-cv-ifield'><a href=\"https:\/\/bostoneduca.cl\/hitos\/milibroyyo\/videos\/cse-4b-cristobal-moreno-titeres-como-atrapar-una-estrella\/\" class=\"_self pt-cv-href-thumbnail pt-cv-thumb-default\" target=\"_self\" ><img loading=\"lazy\" decoding=\"async\" width=\"1280\" height=\"720\" src=\"https:\/\/bostoneduca.cl\/hitos\/milibroyyo\/wp-content\/uploads\/2021\/06\/CSE-4B-Cristbal-Moreno-Tteres-Cmo-Atrapar-una-Estrella.jpg\" class=\"pt-cv-thumbnail\" alt=\"\" srcset=\"https:\/\/bostoneduca.cl\/hitos\/milibroyyo\/wp-content\/uploads\/2021\/06\/CSE-4B-Cristbal-Moreno-Tteres-Cmo-Atrapar-una-Estrella.jpg 1280w, https:\/\/bostoneduca.cl\/hitos\/milibroyyo\/wp-content\/uploads\/2021\/06\/CSE-4B-Cristbal-Moreno-Tteres-Cmo-Atrapar-una-Estrella-1000x563.jpg 1000w, https:\/\/bostoneduca.cl\/hitos\/milibroyyo\/wp-content\/uploads\/2021\/06\/CSE-4B-Cristbal-Moreno-Tteres-Cmo-Atrapar-una-Estrella-600x338.jpg 600w, https:\/\/bostoneduca.cl\/hitos\/milibroyyo\/wp-content\/uploads\/2021\/06\/CSE-4B-Cristbal-Moreno-Tteres-Cmo-Atrapar-una-Estrella-768x432.jpg 768w, https:\/\/bostoneduca.cl\/hitos\/milibroyyo\/wp-content\/uploads\/2021\/06\/CSE-4B-Cristbal-Moreno-Tteres-Cmo-Atrapar-una-Estrella-400x225.jpg 400w\" sizes=\"(max-width: 1280px) 100vw, 1280px\" \/><\/a>\n<h4 class=\"pt-cv-title\"><a href=\"https:\/\/bostoneduca.cl\/hitos\/milibroyyo\/videos\/cse-4b-cristobal-moreno-titeres-como-atrapar-una-estrella\/\" class=\"_self\" target=\"_self\" >CSE &#8211; 4\u00b0B &#8211; Crist\u00f3bal Moreno &#8211; T\u00edteres C\u00f3mo Atrapar una Estrella<\/a><\/h4><\/div><\/div>\n<div class=\"col-md-4 col-sm-6 col-xs-12 pt-cv-content-item pt-cv-1-col\" ><div class='pt-cv-ifield'><a href=\"https:\/\/bostoneduca.cl\/hitos\/milibroyyo\/videos\/cse-4a-agustin-carrasco-titeres-el-arbol-magico\/\" class=\"_self pt-cv-href-thumbnail pt-cv-thumb-default\" target=\"_self\" ><img loading=\"lazy\" decoding=\"async\" width=\"640\" height=\"480\" src=\"https:\/\/bostoneduca.cl\/hitos\/milibroyyo\/wp-content\/uploads\/2021\/06\/CSE-4A-Agustn-Carrasco-Tteres-El-rbol-Mgico.jpg\" class=\"pt-cv-thumbnail\" alt=\"\" srcset=\"https:\/\/bostoneduca.cl\/hitos\/milibroyyo\/wp-content\/uploads\/2021\/06\/CSE-4A-Agustn-Carrasco-Tteres-El-rbol-Mgico.jpg 640w, https:\/\/bostoneduca.cl\/hitos\/milibroyyo\/wp-content\/uploads\/2021\/06\/CSE-4A-Agustn-Carrasco-Tteres-El-rbol-Mgico-600x450.jpg 600w, https:\/\/bostoneduca.cl\/hitos\/milibroyyo\/wp-content\/uploads\/2021\/06\/CSE-4A-Agustn-Carrasco-Tteres-El-rbol-Mgico-400x300.jpg 400w\" sizes=\"(max-width: 640px) 100vw, 640px\" \/><\/a>\n<h4 class=\"pt-cv-title\"><a href=\"https:\/\/bostoneduca.cl\/hitos\/milibroyyo\/videos\/cse-4a-agustin-carrasco-titeres-el-arbol-magico\/\" class=\"_self\" target=\"_self\" >CSE &#8211; 4\u00b0A &#8211; Agust\u00edn Carrasco &#8211; T\u00edteres El \u00c1rbol M\u00e1gico<\/a><\/h4><\/div><\/div>\n<div class=\"col-md-4 col-sm-6 col-xs-12 pt-cv-content-item pt-cv-1-col\" ><div class='pt-cv-ifield'><a href=\"https:\/\/bostoneduca.cl\/hitos\/milibroyyo\/videos\/cse-3b-mateo-zuniga-titeres-los-tres-cerditos\/\" class=\"_self pt-cv-href-thumbnail pt-cv-thumb-default\" target=\"_self\" ><img loading=\"lazy\" decoding=\"async\" width=\"480\" height=\"360\" src=\"https:\/\/bostoneduca.cl\/hitos\/milibroyyo\/wp-content\/uploads\/2021\/06\/CSE-3B-Mateo-Ziga-Tteres-Los-Tres-Cerditos.jpg\" class=\"pt-cv-thumbnail\" alt=\"\" srcset=\"https:\/\/bostoneduca.cl\/hitos\/milibroyyo\/wp-content\/uploads\/2021\/06\/CSE-3B-Mateo-Ziga-Tteres-Los-Tres-Cerditos.jpg 480w, https:\/\/bostoneduca.cl\/hitos\/milibroyyo\/wp-content\/uploads\/2021\/06\/CSE-3B-Mateo-Ziga-Tteres-Los-Tres-Cerditos-400x300.jpg 400w\" sizes=\"(max-width: 480px) 100vw, 480px\" \/><\/a>\n<h4 class=\"pt-cv-title\"><a href=\"https:\/\/bostoneduca.cl\/hitos\/milibroyyo\/videos\/cse-3b-mateo-zuniga-titeres-los-tres-cerditos\/\" class=\"_self\" target=\"_self\" >CSE &#8211; 3\u00b0B &#8211; Mateo Z\u00fa\u00f1iga &#8211; T\u00edteres Los Tres Cerditos<\/a><\/h4><\/div><\/div>\n<div class=\"col-md-4 col-sm-6 col-xs-12 pt-cv-content-item pt-cv-1-col\" ><div class='pt-cv-ifield'><a href=\"https:\/\/bostoneduca.cl\/hitos\/milibroyyo\/videos\/cse-3a-raimundo-mella-cuentacuentos\/\" class=\"_self pt-cv-href-thumbnail pt-cv-thumb-default\" target=\"_self\" ><img loading=\"lazy\" decoding=\"async\" width=\"480\" height=\"360\" src=\"https:\/\/bostoneduca.cl\/hitos\/milibroyyo\/wp-content\/uploads\/2021\/06\/CSE-3A-Raimundo-Mella-Cuentacuentos.jpg\" class=\"pt-cv-thumbnail\" alt=\"\" srcset=\"https:\/\/bostoneduca.cl\/hitos\/milibroyyo\/wp-content\/uploads\/2021\/06\/CSE-3A-Raimundo-Mella-Cuentacuentos.jpg 480w, https:\/\/bostoneduca.cl\/hitos\/milibroyyo\/wp-content\/uploads\/2021\/06\/CSE-3A-Raimundo-Mella-Cuentacuentos-400x300.jpg 400w\" sizes=\"(max-width: 480px) 100vw, 480px\" \/><\/a>\n<h4 class=\"pt-cv-title\"><a href=\"https:\/\/bostoneduca.cl\/hitos\/milibroyyo\/videos\/cse-3a-raimundo-mella-cuentacuentos\/\" class=\"_self\" target=\"_self\" >CSE &#8211; 3\u00b0A &#8211; Raimundo Mella &#8211; Cuentacuentos<\/a><\/h4><\/div><\/div>\n<div class=\"col-md-4 col-sm-6 col-xs-12 pt-cv-content-item pt-cv-1-col\" ><div class='pt-cv-ifield'><a href=\"https:\/\/bostoneduca.cl\/hitos\/milibroyyo\/videos\/cse-2a-cristobal-barrera-cuento-dramatizado-los-3-chanchitos\/\" class=\"_self pt-cv-href-thumbnail pt-cv-thumb-default\" target=\"_self\" ><img loading=\"lazy\" decoding=\"async\" width=\"1280\" height=\"720\" src=\"https:\/\/bostoneduca.cl\/hitos\/milibroyyo\/wp-content\/uploads\/2021\/06\/CSE-2A-Cristbal-Barrera-Cuento-Dramatizado-Los-3-Chanchitos.jpg\" class=\"pt-cv-thumbnail\" alt=\"\" srcset=\"https:\/\/bostoneduca.cl\/hitos\/milibroyyo\/wp-content\/uploads\/2021\/06\/CSE-2A-Cristbal-Barrera-Cuento-Dramatizado-Los-3-Chanchitos.jpg 1280w, https:\/\/bostoneduca.cl\/hitos\/milibroyyo\/wp-content\/uploads\/2021\/06\/CSE-2A-Cristbal-Barrera-Cuento-Dramatizado-Los-3-Chanchitos-1000x563.jpg 1000w, https:\/\/bostoneduca.cl\/hitos\/milibroyyo\/wp-content\/uploads\/2021\/06\/CSE-2A-Cristbal-Barrera-Cuento-Dramatizado-Los-3-Chanchitos-600x338.jpg 600w, https:\/\/bostoneduca.cl\/hitos\/milibroyyo\/wp-content\/uploads\/2021\/06\/CSE-2A-Cristbal-Barrera-Cuento-Dramatizado-Los-3-Chanchitos-768x432.jpg 768w, https:\/\/bostoneduca.cl\/hitos\/milibroyyo\/wp-content\/uploads\/2021\/06\/CSE-2A-Cristbal-Barrera-Cuento-Dramatizado-Los-3-Chanchitos-400x225.jpg 400w\" sizes=\"(max-width: 1280px) 100vw, 1280px\" \/><\/a>\n<h4 class=\"pt-cv-title\"><a href=\"https:\/\/bostoneduca.cl\/hitos\/milibroyyo\/videos\/cse-2a-cristobal-barrera-cuento-dramatizado-los-3-chanchitos\/\" class=\"_self\" target=\"_self\" >CSE &#8211; 2\u00b0A &#8211; Crist\u00f3bal Barrera &#8211; Cuento Dramatizado Los 3 Chanchitos<\/a><\/h4><\/div><\/div>\n<div class=\"col-md-4 col-sm-6 col-xs-12 pt-cv-content-item pt-cv-1-col\" ><div class='pt-cv-ifield'><a href=\"https:\/\/bostoneduca.cl\/hitos\/milibroyyo\/videos\/cse-1b-abigail-llanos-vidal\/\" class=\"_self pt-cv-href-thumbnail pt-cv-thumb-default\" target=\"_self\" ><img loading=\"lazy\" decoding=\"async\" width=\"480\" height=\"360\" src=\"https:\/\/bostoneduca.cl\/hitos\/milibroyyo\/wp-content\/uploads\/2021\/06\/CSE-1B-Abigail-Llanos-Vidal.jpg\" class=\"pt-cv-thumbnail\" alt=\"\" srcset=\"https:\/\/bostoneduca.cl\/hitos\/milibroyyo\/wp-content\/uploads\/2021\/06\/CSE-1B-Abigail-Llanos-Vidal.jpg 480w, https:\/\/bostoneduca.cl\/hitos\/milibroyyo\/wp-content\/uploads\/2021\/06\/CSE-1B-Abigail-Llanos-Vidal-400x300.jpg 400w\" sizes=\"(max-width: 480px) 100vw, 480px\" \/><\/a>\n<h4 class=\"pt-cv-title\"><a href=\"https:\/\/bostoneduca.cl\/hitos\/milibroyyo\/videos\/cse-1b-abigail-llanos-vidal\/\" class=\"_self\" target=\"_self\" >CSE &#8211; 1\u00b0B &#8211; Abigail Llanos Vidal<\/a><\/h4><\/div><\/div><\/div><\/div>\n<div class=\" pt-cv-pagination-wrapper\"><ul class=\"pt-cv-pagination pt-cv-normal pagination\" data-totalpages=\"15\" data-currentpage=\"1\" data-sid=\"e7e3f5bxht\" data-unid=\"\" data-isblock=\"\" data-postid=\"\"><li class=\"active\"><a href=\"#\">1<\/a><\/li>\n\t<li ><a class=\"\" href=\"https:\/\/bostoneduca.cl\/hitos\/milibroyyo\/wp-json\/wp\/v2\/pages\/2078\/?_page=2\">2<\/a><\/li>\n\t<li ><a class=\"\" href=\"https:\/\/bostoneduca.cl\/hitos\/milibroyyo\/wp-json\/wp\/v2\/pages\/2078\/?_page=3\">3<\/a><\/li>\n\t<li ><a href=\"#\">&hellip;<\/a><\/li>\n\t<li ><a class=\"\" href=\"https:\/\/bostoneduca.cl\/hitos\/milibroyyo\/wp-json\/wp\/v2\/pages\/2078\/?_page=15\">15<\/a><\/li>\n\t<li ><a class=\" \" href=\"https:\/\/bostoneduca.cl\/hitos\/milibroyyo\/wp-json\/wp\/v2\/pages\/2078\/?_page=2\">&rsaquo;<\/a><\/li>\n\t<\/ul><img loading=\"lazy\" decoding=\"async\" width=\"15\" height=\"15\" class=\"pt-cv-spinner\" alt=\"Loading...\" src=\"data:image\/gif;base64,R0lGODlhDwAPALMPAMrKygwMDJOTkz09PZWVla+vr3p6euTk5M7OzuXl5TMzMwAAAJmZmWZmZszMzP\/\/\/yH\/C05FVFNDQVBFMi4wAwEAAAAh+QQFCgAPACwAAAAADwAPAAAEQvDJaZaZOIcV8iQK8VRX4iTYoAwZ4iCYoAjZ4RxejhVNoT+mRGP4cyF4Pp0N98sBGIBMEMOotl6YZ3S61Bmbkm4mAgAh+QQFCgAPACwAAAAADQANAAAENPDJSRSZeA418itN8QiK8BiLITVsFiyBBIoYqnoewAD4xPw9iY4XLGYSjkQR4UAUD45DLwIAIfkEBQoADwAsAAAAAA8ACQAABC\/wyVlamTi3nSdgwFNdhEJgTJoNyoB9ISYoQmdjiZPcj7EYCAeCF1gEDo4Dz2eIAAAh+QQFCgAPACwCAAAADQANAAAEM\/DJBxiYeLKdX3IJZT1FU0iIg2RNKx3OkZVnZ98ToRD4MyiDnkAh6BkNC0MvsAj0kMpHBAAh+QQFCgAPACwGAAAACQAPAAAEMDC59KpFDll73HkAA2wVY5KgiK5b0RRoI6MuzG6EQqCDMlSGheEhUAgqgUUAFRySIgAh+QQFCgAPACwCAAIADQANAAAEM\/DJKZNLND\/kkKaHc3xk+QAMYDKsiaqmZCxGVjSFFCxB1vwy2oOgIDxuucxAMTAJFAJNBAAh+QQFCgAPACwAAAYADwAJAAAEMNAs86q1yaWwwv2Ig0jUZx3OYa4XoRAfwADXoAwfo1+CIjyFRuEho60aSNYlOPxEAAAh+QQFCgAPACwAAAIADQANAAAENPA9s4y8+IUVcqaWJ4qEQozSoAzoIyhCK2NFU2SJk0hNnyEOhKR2AzAAj4Pj4GE4W0bkJQIAOw==\" \/><div class=\"clear pt-cv-clear-pagination\"><\/div><\/div><\/div>\n","protected":false},"excerpt":{"rendered":"","protected":false},"author":1,"featured_media":0,"parent":0,"menu_order":0,"comment_status":"closed","ping_status":"closed","template":"","meta":{"footnotes":""},"_links":{"self":[{"href":"https:\/\/bostoneduca.cl\/hitos\/milibroyyo\/wp-json\/wp\/v2\/pages\/2078"}],"collection":[{"href":"https:\/\/bostoneduca.cl\/hitos\/milibroyyo\/wp-json\/wp\/v2\/pages"}],"about":[{"href":"https:\/\/bostoneduca.cl\/hitos\/milibroyyo\/wp-json\/wp\/v2\/types\/page"}],"author":[{"embeddable":true,"href":"https:\/\/bostoneduca.cl\/hitos\/milibroyyo\/wp-json\/wp\/v2\/users\/1"}],"replies":[{"embeddable":true,"href":"https:\/\/bostoneduca.cl\/hitos\/milibroyyo\/wp-json\/wp\/v2\/comments?post=2078"}],"version-history":[{"count":1,"href":"https:\/\/bostoneduca.cl\/hitos\/milibroyyo\/wp-json\/wp\/v2\/pages\/2078\/revisions"}],"predecessor-version":[{"id":2079,"href":"https:\/\/bostoneduca.cl\/hitos\/milibroyyo\/wp-json\/wp\/v2\/pages\/2078\/revisions\/2079"}],"wp:attachment":[{"href":"https:\/\/bostoneduca.cl\/hitos\/milibroyyo\/wp-json\/wp\/v2\/media?parent=2078"}],"curies":[{"name":"wp","href":"https:\/\/api.w.org\/{rel}","templated":true}]}}